{"id":879,"date":"2024-05-02T15:01:24","date_gmt":"2024-05-02T13:01:24","guid":{"rendered":"https:\/\/snepfsu.fr\/eps2024\/?page_id=879"},"modified":"2024-05-03T12:10:28","modified_gmt":"2024-05-03T10:10:28","slug":"operation-verite","status":"publish","type":"page","link":"https:\/\/snepfsu.fr\/eps2024\/operation-verite\/","title":{"rendered":"Op\u00e9ration V\u00e9rit\u00e9"},"content":{"rendered":"\t\t<div data-elementor-type=\"wp-page\" data-elementor-id=\"879\" class=\"elementor elementor-879\" data-elementor-post-type=\"page\">\n\t\t\t\t<div class=\"elementor-element elementor-element-b3f6a24 e-flex e-con-boxed e-con e-parent\" data-id=\"b3f6a24\" data-element_type=\"container\" data-e-type=\"container\">\n\t\t\t\t\t<div class=\"e-con-inner\">\n\t\t\t\t<div class=\"elementor-element elementor-element-07654a2 elementor-widget elementor-widget-heading\" data-id=\"07654a2\" data-element_type=\"widget\" data-e-type=\"widget\" data-widget_type=\"heading.default\">\n\t\t\t\t<div class=\"elementor-widget-container\">\n\t\t\t\t\t<h1 class=\"elementor-heading-title elementor-size-xxl\">Op\u00e9ration V\u00e9rit\u00e9<\/h1>\t\t\t\t<\/div>\n\t\t\t\t<\/div>\n\t\t\t\t\t<\/div>\n\t\t\t\t<\/div>\n\t\t<div class=\"elementor-element elementor-element-0c6a1d1 e-flex e-con-boxed e-con e-parent\" data-id=\"0c6a1d1\" data-element_type=\"container\" data-e-type=\"container\">\n\t\t\t\t\t<div class=\"e-con-inner\">\n\t\t\t\t<div class=\"elementor-element elementor-element-0e328cf elementor-widget elementor-widget-text-editor\" data-id=\"0e328cf\" data-element_type=\"widget\" data-e-type=\"widget\" data-widget_type=\"text-editor.default\">\n\t\t\t\t<div class=\"elementor-widget-container\">\n\t\t\t\t\t\t\t\t\t<p><span class=\"yt-core-attributed-string yt-core-attributed-string--white-space-pre-wrap\" role=\"text\"><span class=\"yt-core-attributed-string--link-inherit-color\">Le SNEP-FSU revendique un r\u00e9el h\u00e9ritage des Jeux Olympiques et Paralympiques 2024 car le premier lieu de pratique physique, sportive et artistique, c&rsquo;est l&rsquo;EPS \u00e0 l&rsquo;\u00e9cole. L&rsquo;op\u00e9ration v\u00e9rit\u00e9, initi\u00e9e par le SNEP-FSU, fait un \u00e9tat des lieux des besoins sur le terrain.<\/span><\/span><\/p>\t\t\t\t\t\t\t\t<\/div>\n\t\t\t\t<\/div>\n\t\t\t\t\t<\/div>\n\t\t\t\t<\/div>\n\t\t<div class=\"elementor-element elementor-element-8cfe804 e-flex e-con-boxed e-con e-parent\" data-id=\"8cfe804\" data-element_type=\"container\" data-e-type=\"container\">\n\t\t\t\t\t<div class=\"e-con-inner\">\n\t\t\t\t<div class=\"elementor-element elementor-element-a399d21 elementor-widget elementor-widget-shortcode\" data-id=\"a399d21\" data-element_type=\"widget\" data-e-type=\"widget\" data-widget_type=\"shortcode.default\">\n\t\t\t\t<div class=\"elementor-widget-container\">\n\t\t\t\t\t\t\t<div class=\"elementor-shortcode\"> \n<style>\n\t#hotspot-898 .hotspots-image-container,\n\t#hotspot-898 .leaflet-container {\n\t\tbackground: #ffffff\t}\n\n\t#hotspot-898 .hotspots-placeholder {\n\t\tbackground: #2E2D29;\n\t\tborder: 0 #2E2D29 solid;\n\t\tcolor: #DFEBE5;\n\t}\n\n\t#hotspot-898 .hotspot-title {\n\t\tcolor: #93C7A4;\n\t}\n\n\t\t\t#hotspot-898 .hotspot-default {\n\t\t\tstroke-width: 2;\n\t\t\tfill: #ffffff;\n\t\t\tfill-opacity: 0;\n\t\t\tstroke: #ffffff;\n\t\t\tstroke-opacity: 0;\n\t\t}\n\t\t#hotspot-898 .hotspot-default:hover,\n\t\t#hotspot-898 .hotspot-default:focus-visible,\n\t\t#hotspot-898 .hotspot-default.hotspot-active {\n\t\t\tfill: #eda09e;\n\t\t\tfill-opacity: 0.46;\n\t\t\tstroke: #235B6E;\n\t\t\tstroke-opacity: 1.01;\n\t\t}\n\t\t#hotspot-898 .leaflet-tooltip,\n\t#hotspot-898 .leaflet-rrose-content-wrapper {\n\t\tbackground: #2E2D29;\n\t\tborder-color: #2E2D29;\n\t\tcolor: #DFEBE5;\n\t}\n\n\t#hotspot-898 a.leaflet-rrose-close-button {\n\t\tcolor: #93C7A4;\n\t}\n\n\t#hotspot-898 .leaflet-rrose-tip {\n\t\tbackground: #2E2D29;\n\t}\n\n\t#hotspot-898 .leaflet-popup-scrolled {\n\t\tborder-bottom-color: #DFEBE5;\n\t\tborder-top-color: #DFEBE5;\n\t}\n\n\t#hotspot-898 .leaflet-tooltip-top:before {\n\t\tborder-top-color: #2E2D29;\n\t}\n\n\t#hotspot-898 .leaflet-tooltip-bottom:before {\n\t\tborder-bottom-color: #2E2D29;\n\t}\n\t#hotspot-898 .leaflet-tooltip-left:before {\n\t\tborder-left-color: #2E2D29;\n\t}\n\t#hotspot-898 .leaflet-tooltip-right:before {\n\t\tborder-right-color: #2E2D29;\n\t}\n<\/style>\n\n\t\n\t<div class=\"hotspots-container links-only layout-left event-click\" id=\"hotspot-898\" data-layout=\"left\" data-trigger=\"click\">\n\t\t<div class=\"hotspots-interaction\">\n\t\t\t<div class=\"hotspots-image-container\">\n\t<img\n\t\twidth=\"1310\"\n\t\theight=\"1411\"\n\t\tsrc=\"https:\/\/snepfsu.fr\/eps2024\/wp-content\/uploads\/2024\/07\/France-departements-poursite-vignette8.jpg\"\n\t\talt=\"Carte France Operation V\u00e9rit\u00e9\"\n\t\tclass=\"hotspots-image skip-lazy\"\n\t\tusemap=\"#hotspots-image-898\"\n\t\tdata-image-title=\"Carte France Operation V\u00e9rit\u00e9\"\n\t\tdata-image-description=\"\"\n\t\tdata-event-trigger=\"click\"\n\t\tdata-always-visible=\"false\"\n\t\tdata-id=\"898\"\n\t\tdata-no-lazy=\"1\"\n\t\tdata-lazy-src=\"\"\n\t\tdata-lazy=\"false\"\n\t\tloading=\"eager\"\n\t\tdata-skip-lazy=\"1\"\n\t\t>\n<\/div>\t\t<\/div>\n\t\t<map name=\"hotspots-image-898\" class=\"hotspots-map\">\n\t\t\t\t\t\t\t\t\t\t\t<area\n\t\t\t\t\tshape=\"polygon\"\n\t\t\t\t\tcoords=\"348,914,348,884,468,884,468,914\"\n\t\t\t\t\thref=\"https:\/\/www.youtube.com\/watch?v=LtQEXCogj-U\"\n\t\t\t\t\trel=\"\"\n\t\t\t\t\ttitle=\"Fermeture de piscine\"\n\t\t\t\t\talt=\"Fermeture de piscine\"\n\t\t\t\t\tdata-action=\"url\"\n\t\t\t\t\tdata-color-scheme=\"\"\n\t\t\t\t\ttarget=\"_new\"\n\t\t\t\t\tclass=\"url-area\"\n\t\t\t\t\t>\n\t\t\t\t\t\t\t\t\t\t\t<area\n\t\t\t\t\tshape=\"polygon\"\n\t\t\t\t\tcoords=\"1032,746,1032,720,1131,720,1131,746\"\n\t\t\t\t\thref=\"https:\/\/www.youtube.com\/watch?v=t8LjK0pzARg\"\n\t\t\t\t\trel=\"\"\n\t\t\t\t\ttitle=\"Gymnase v\u00e9tuste\"\n\t\t\t\t\talt=\"Gymnase v\u00e9tuste\"\n\t\t\t\t\tdata-action=\"url\"\n\t\t\t\t\tdata-color-scheme=\"\"\n\t\t\t\t\ttarget=\"_new\"\n\t\t\t\t\tclass=\"url-area\"\n\t\t\t\t\t>\n\t\t\t\t\t\t\t\t\t\t\t<area\n\t\t\t\t\tshape=\"polygon\"\n\t\t\t\t\tcoords=\"1047,1111,1047,1080,1180,1080,1180,1111\"\n\t\t\t\t\thref=\"https:\/\/www.youtube.com\/watch?v=F2SOXkjP6mA\"\n\t\t\t\t\trel=\"\"\n\t\t\t\t\ttitle=\"Manque de piscines\"\n\t\t\t\t\talt=\"Manque de piscines\"\n\t\t\t\t\tdata-action=\"url\"\n\t\t\t\t\tdata-color-scheme=\"\"\n\t\t\t\t\ttarget=\"_new\"\n\t\t\t\t\tclass=\"url-area\"\n\t\t\t\t\t>\n\t\t\t\t\t\t\t\t\t\t\t<area\n\t\t\t\t\tshape=\"polygon\"\n\t\t\t\t\tcoords=\"901,908,901,874,1015,874,1015,908\"\n\t\t\t\t\thref=\"https:\/\/www.youtube.com\/watch?v=Ge_OIaZCnGc\"\n\t\t\t\t\trel=\"\"\n\t\t\t\t\ttitle=\"Temps de d\u00e9placement\"\n\t\t\t\t\talt=\"Temps de d\u00e9placement\"\n\t\t\t\t\tdata-action=\"url\"\n\t\t\t\t\tdata-color-scheme=\"\"\n\t\t\t\t\ttarget=\"_new\"\n\t\t\t\t\tclass=\"url-area\"\n\t\t\t\t\t>\n\t\t\t\t\t\t\t\t\t\t\t<area\n\t\t\t\t\tshape=\"polygon\"\n\t\t\t\t\tcoords=\"1073,103,1073,75,1246,75,1246,103\"\n\t\t\t\t\thref=\"https:\/\/www.francetvinfo.fr\/sante\/sport-et-sante\/gymnases-vetustes-et-stades-hors-d-age-le-sport-scolaire-et-amateur-denonce_6229260.html\"\n\t\t\t\t\trel=\"\"\n\t\t\t\t\ttitle=\"Gymnases v\u00e9tustes\"\n\t\t\t\t\talt=\"Gymnases v\u00e9tustes\"\n\t\t\t\t\tdata-action=\"url\"\n\t\t\t\t\tdata-color-scheme=\"\"\n\t\t\t\t\ttarget=\"_new\"\n\t\t\t\t\tclass=\"url-area\"\n\t\t\t\t\t>\n\t\t\t\t\t\t\t\t\t\t\t<area\n\t\t\t\t\tshape=\"polygon\"\n\t\t\t\t\tcoords=\"525,764,525,740,629,740,629,764\"\n\t\t\t\t\thref=\"https:\/\/www.francetvinfo.fr\/sante\/sport-et-sante\/gymnases-vetustes-et-stades-hors-d-age-le-sport-scolaire-et-amateur-denonce_6229260.html\"\n\t\t\t\t\trel=\"\"\n\t\t\t\t\ttitle=\"Gymnases v\u00e9tustes\"\n\t\t\t\t\talt=\"Gymnases v\u00e9tustes\"\n\t\t\t\t\tdata-action=\"url\"\n\t\t\t\t\tdata-color-scheme=\"\"\n\t\t\t\t\ttarget=\"_new\"\n\t\t\t\t\tclass=\"url-area\"\n\t\t\t\t\t>\n\t\t\t\t\t\t\t\t\t\t\t<area\n\t\t\t\t\tshape=\"polygon\"\n\t\t\t\t\tcoords=\"835,1059,835,1032,933,1032,933,1059\"\n\t\t\t\t\thref=\"https:\/\/snepfsu.fr\/eps2024\/operation-verite\/operation-verite-enquete-sur-lutilisation-des-installations-sportives-des-colleges-et-lycees-du-gard\/\"\n\t\t\t\t\trel=\"\"\n\t\t\t\t\ttitle=\"Besoins en \u00e9quipements\"\n\t\t\t\t\talt=\"Besoins en \u00e9quipements\"\n\t\t\t\t\tdata-action=\"url\"\n\t\t\t\t\tdata-color-scheme=\"\"\n\t\t\t\t\ttarget=\"\"\n\t\t\t\t\tclass=\"url-area\"\n\t\t\t\t\t>\n\t\t\t\t\t\t\t\t\t\t\t<area\n\t\t\t\t\tshape=\"polygon\"\n\t\t\t\t\tcoords=\"514,964,514,942,598,942,598,964\"\n\t\t\t\t\thref=\"https:\/\/snepfsu.fr\/eps2024\/operation-verite\/operation-verite-college-deymet-amelioration-des-installations-sportives-pour-de-meilleures-conditions-de-pratique-de-leps\/\"\n\t\t\t\t\trel=\"\"\n\t\t\t\t\ttitle=\"Coll\u00e8ge d\u2019Eymet Am\u00e9lioration des installations sportives pour de meilleures conditions de pratique de l\u2019EPS\"\n\t\t\t\t\talt=\"Coll\u00e8ge d\u2019Eymet Am\u00e9lioration des installations sportives pour de meilleures conditions de pratique de l\u2019EPS\"\n\t\t\t\t\tdata-action=\"url\"\n\t\t\t\t\tdata-color-scheme=\"\"\n\t\t\t\t\ttarget=\"_new\"\n\t\t\t\t\tclass=\"url-area\"\n\t\t\t\t\t>\n\t\t\t\t\t\t\t\t\t\t\t<area\n\t\t\t\t\tshape=\"polygon\"\n\t\t\t\t\tcoords=\"507,856,507,834,597,834,597,856\"\n\t\t\t\t\thref=\"https:\/\/snepfsu.fr\/eps2024\/operation-verite\/operation-verite-college-de-tocane-projet-natation\/\"\n\t\t\t\t\trel=\"\"\n\t\t\t\t\ttitle=\"Projet Natation\"\n\t\t\t\t\talt=\"Projet Natation\"\n\t\t\t\t\tdata-action=\"url\"\n\t\t\t\t\tdata-color-scheme=\"\"\n\t\t\t\t\ttarget=\"_new\"\n\t\t\t\t\tclass=\"url-area\"\n\t\t\t\t\t>\n\t\t\t\t\t\t\t\t\t\t\t<area\n\t\t\t\t\tshape=\"polygon\"\n\t\t\t\t\tcoords=\"194,912,194,889,303,889,303,912\"\n\t\t\t\t\thref=\"https:\/\/snepfsu.fr\/eps2024\/operation-verite\/operation-verite-les-eleves-de-bordeaux-nageront-peu-en-2024-annee-des-jeux-olympiques-et-paralympiques\/\"\n\t\t\t\t\trel=\"\"\n\t\t\t\t\ttitle=\"Piscines\"\n\t\t\t\t\talt=\"Piscines\"\n\t\t\t\t\tdata-action=\"url\"\n\t\t\t\t\tdata-color-scheme=\"\"\n\t\t\t\t\ttarget=\"_new\"\n\t\t\t\t\tclass=\"url-area\"\n\t\t\t\t\t>\n\t\t\t\t\t\t\t\t\t\t\t<area\n\t\t\t\t\tshape=\"polygon\"\n\t\t\t\t\tcoords=\"673,346,673,323,781,323,781,346\"\n\t\t\t\t\thref=\"https:\/\/snepfsu.fr\/eps2024\/operation-verite\/operation-verite-college-paul-eluard-montreuil-93\/\"\n\t\t\t\t\trel=\"\"\n\t\t\t\t\ttitle=\"Montreuil - Gymnase d\u00e9labr\u00e9\"\n\t\t\t\t\talt=\"Montreuil - Gymnase d\u00e9labr\u00e9\"\n\t\t\t\t\tdata-action=\"url\"\n\t\t\t\t\tdata-color-scheme=\"\"\n\t\t\t\t\ttarget=\"_new\"\n\t\t\t\t\tclass=\"url-area\"\n\t\t\t\t\t>\n\t\t\t\t\t\t\t\t\t\t\t<area\n\t\t\t\t\tshape=\"polygon\"\n\t\t\t\t\tcoords=\"628,903,628,878,740,878,740,903\"\n\t\t\t\t\thref=\"https:\/\/snepfsu.fr\/eps2024\/operation-verite\/operation-verite-lp-leonard-de-vinci-perigueux\/\"\n\t\t\t\t\trel=\"\"\n\t\t\t\t\ttitle=\"P\u00e9rigueux - R\u00e9novation urgente !\"\n\t\t\t\t\talt=\"P\u00e9rigueux - R\u00e9novation urgente !\"\n\t\t\t\t\tdata-action=\"url\"\n\t\t\t\t\tdata-color-scheme=\"\"\n\t\t\t\t\ttarget=\"_new\"\n\t\t\t\t\tclass=\"url-area\"\n\t\t\t\t\t>\n\t\t\t\t\t\t\t\t\t\t\t<area\n\t\t\t\t\tshape=\"polygon\"\n\t\t\t\t\tcoords=\"641,995,641,973,738,973,738,995\"\n\t\t\t\t\thref=\"https:\/\/snepfsu.fr\/eps2024\/operation-verite\/operation-verite-college-de-thiviers-des-conditions-deplorables\/\"\n\t\t\t\t\trel=\"\"\n\t\t\t\t\ttitle=\"Des conditions d\u00e9plorables\"\n\t\t\t\t\talt=\"Des conditions d\u00e9plorables\"\n\t\t\t\t\tdata-action=\"url\"\n\t\t\t\t\tdata-color-scheme=\"\"\n\t\t\t\t\ttarget=\"_new\"\n\t\t\t\t\tclass=\"url-area\"\n\t\t\t\t\t>\n\t\t\t\t\t<\/map>\n\n\t\t\n\t\t\t\t\t\t\t\t\t\t\t\t\t\t\t\t\t\t\t\t\t\t\t\t\t\t\t\t\t\t\t\t\t\t\t\t\t\t\t\t\t\t<\/div>\n\n<\/div>\n\t\t\t\t\t\t<\/div>\n\t\t\t\t<\/div>\n\t\t\t\t\t<\/div>\n\t\t\t\t<\/div>\n\t\t\t\t<\/div>\n\t\t","protected":false},"excerpt":{"rendered":"<p>Op\u00e9ration V\u00e9rit\u00e9 Le SNEP-FSU revendique un r\u00e9el h\u00e9ritage des Jeux Olympiques et Paralympiques 2024 car le premier lieu de pratique physique, sportive et artistique, c&rsquo;est l&rsquo;EPS \u00e0 l&rsquo;\u00e9cole. L&rsquo;op\u00e9ration v\u00e9rit\u00e9, initi\u00e9e par le SNEP-FSU, fait un \u00e9tat des lieux des besoins sur le terrain.<\/p>\n","protected":false},"author":1,"featured_media":0,"parent":0,"menu_order":0,"comment_status":"closed","ping_status":"closed","template":"","meta":{"ocean_post_layout":"","ocean_both_sidebars_style":"","ocean_both_sidebars_content_width":0,"ocean_both_sidebars_sidebars_width":0,"ocean_sidebar":"","ocean_second_sidebar":"","ocean_disable_margins":"enable","ocean_add_body_class":"","ocean_shortcode_before_top_bar":"","ocean_shortcode_after_top_bar":"","ocean_shortcode_before_header":"","ocean_shortcode_after_header":"","ocean_has_shortcode":"","ocean_shortcode_after_title":"","ocean_shortcode_before_footer_widgets":"","ocean_shortcode_after_footer_widgets":"","ocean_shortcode_before_footer_bottom":"","ocean_shortcode_after_footer_bottom":"","ocean_display_top_bar":"default","ocean_display_header":"default","ocean_header_style":"","ocean_center_header_left_menu":"","ocean_custom_header_template":"","ocean_custom_logo":0,"ocean_custom_retina_logo":0,"ocean_custom_logo_max_width":0,"ocean_custom_logo_tablet_max_width":0,"ocean_custom_logo_mobile_max_width":0,"ocean_custom_logo_max_height":0,"ocean_custom_logo_tablet_max_height":0,"ocean_custom_logo_mobile_max_height":0,"ocean_header_custom_menu":"","ocean_menu_typo_font_family":"","ocean_menu_typo_font_subset":"","ocean_menu_typo_font_size":0,"ocean_menu_typo_font_size_tablet":0,"ocean_menu_typo_font_size_mobile":0,"ocean_menu_typo_font_size_unit":"px","ocean_menu_typo_font_weight":"","ocean_menu_typo_font_weight_tablet":"","ocean_menu_typo_font_weight_mobile":"","ocean_menu_typo_transform":"","ocean_menu_typo_transform_tablet":"","ocean_menu_typo_transform_mobile":"","ocean_menu_typo_line_height":0,"ocean_menu_typo_line_height_tablet":0,"ocean_menu_typo_line_height_mobile":0,"ocean_menu_typo_line_height_unit":"","ocean_menu_typo_spacing":0,"ocean_menu_typo_spacing_tablet":0,"ocean_menu_typo_spacing_mobile":0,"ocean_menu_typo_spacing_unit":"","ocean_menu_link_color":"","ocean_menu_link_color_hover":"","ocean_menu_link_color_active":"","ocean_menu_link_background":"","ocean_menu_link_hover_background":"","ocean_menu_link_active_background":"","ocean_menu_social_links_bg":"","ocean_menu_social_hover_links_bg":"","ocean_menu_social_links_color":"","ocean_menu_social_hover_links_color":"","ocean_disable_title":"default","ocean_disable_heading":"default","ocean_post_title":"","ocean_post_subheading":"","ocean_post_title_style":"","ocean_post_title_background_color":"","ocean_post_title_background":0,"ocean_post_title_bg_image_position":"","ocean_post_title_bg_image_attachment":"","ocean_post_title_bg_image_repeat":"","ocean_post_title_bg_image_size":"","ocean_post_title_height":0,"ocean_post_title_bg_overlay":0.5,"ocean_post_title_bg_overlay_color":"","ocean_disable_breadcrumbs":"default","ocean_breadcrumbs_color":"","ocean_breadcrumbs_separator_color":"","ocean_breadcrumbs_links_color":"","ocean_breadcrumbs_links_hover_color":"","ocean_display_footer_widgets":"default","ocean_display_footer_bottom":"default","ocean_custom_footer_template":"","footnotes":""},"class_list":["post-879","page","type-page","status-publish","hentry","entry"],"yoast_head":"<!-- This site is optimized with the Yoast SEO plugin v27.5 - https:\/\/yoast.com\/product\/yoast-seo-wordpress\/ -->\n<title>Op\u00e9ration V\u00e9rit\u00e9 - #EPS2024<\/title>\n<meta name=\"robots\" content=\"index, follow, max-snippet:-1, max-image-preview:large, max-video-preview:-1\" \/>\n<link rel=\"canonical\" href=\"https:\/\/snepfsu.fr\/eps2024\/operation-verite\/\" \/>\n<meta property=\"og:locale\" content=\"fr_FR\" \/>\n<meta property=\"og:type\" content=\"article\" \/>\n<meta property=\"og:title\" content=\"Op\u00e9ration V\u00e9rit\u00e9 - #EPS2024\" \/>\n<meta property=\"og:description\" content=\"Op\u00e9ration V\u00e9rit\u00e9 Le SNEP-FSU revendique un r\u00e9el h\u00e9ritage des Jeux Olympiques et Paralympiques 2024 car le premier lieu de pratique physique, sportive et artistique, c&rsquo;est l&rsquo;EPS \u00e0 l&rsquo;\u00e9cole. L&rsquo;op\u00e9ration v\u00e9rit\u00e9, initi\u00e9e par le SNEP-FSU, fait un \u00e9tat des lieux des besoins sur le terrain.\" \/>\n<meta property=\"og:url\" content=\"https:\/\/snepfsu.fr\/eps2024\/operation-verite\/\" \/>\n<meta property=\"og:site_name\" content=\"#EPS2024\" \/>\n<meta property=\"article:modified_time\" content=\"2024-05-03T10:10:28+00:00\" \/>\n<meta name=\"twitter:card\" content=\"summary_large_image\" \/>\n<meta name=\"twitter:label1\" content=\"Dur\u00e9e de lecture estim\u00e9e\" \/>\n\t<meta name=\"twitter:data1\" content=\"1 minute\" \/>\n<script type=\"application\/ld+json\" class=\"yoast-schema-graph\">{\"@context\":\"https:\\\/\\\/schema.org\",\"@graph\":[{\"@type\":\"WebPage\",\"@id\":\"https:\\\/\\\/snepfsu.fr\\\/eps2024\\\/operation-verite\\\/\",\"url\":\"https:\\\/\\\/snepfsu.fr\\\/eps2024\\\/operation-verite\\\/\",\"name\":\"Op\u00e9ration V\u00e9rit\u00e9 - #EPS2024\",\"isPartOf\":{\"@id\":\"https:\\\/\\\/snepfsu.fr\\\/eps2024\\\/#website\"},\"datePublished\":\"2024-05-02T13:01:24+00:00\",\"dateModified\":\"2024-05-03T10:10:28+00:00\",\"breadcrumb\":{\"@id\":\"https:\\\/\\\/snepfsu.fr\\\/eps2024\\\/operation-verite\\\/#breadcrumb\"},\"inLanguage\":\"fr-FR\",\"potentialAction\":[{\"@type\":\"ReadAction\",\"target\":[\"https:\\\/\\\/snepfsu.fr\\\/eps2024\\\/operation-verite\\\/\"]}]},{\"@type\":\"BreadcrumbList\",\"@id\":\"https:\\\/\\\/snepfsu.fr\\\/eps2024\\\/operation-verite\\\/#breadcrumb\",\"itemListElement\":[{\"@type\":\"ListItem\",\"position\":1,\"name\":\"Accueil\",\"item\":\"https:\\\/\\\/snepfsu.fr\\\/eps2024\\\/\"},{\"@type\":\"ListItem\",\"position\":2,\"name\":\"Op\u00e9ration V\u00e9rit\u00e9\"}]},{\"@type\":\"WebSite\",\"@id\":\"https:\\\/\\\/snepfsu.fr\\\/eps2024\\\/#website\",\"url\":\"https:\\\/\\\/snepfsu.fr\\\/eps2024\\\/\",\"name\":\"#EPS2024\",\"description\":\"\",\"publisher\":{\"@id\":\"https:\\\/\\\/snepfsu.fr\\\/eps2024\\\/#organization\"},\"potentialAction\":[{\"@type\":\"SearchAction\",\"target\":{\"@type\":\"EntryPoint\",\"urlTemplate\":\"https:\\\/\\\/snepfsu.fr\\\/eps2024\\\/?s={search_term_string}\"},\"query-input\":{\"@type\":\"PropertyValueSpecification\",\"valueRequired\":true,\"valueName\":\"search_term_string\"}}],\"inLanguage\":\"fr-FR\"},{\"@type\":\"Organization\",\"@id\":\"https:\\\/\\\/snepfsu.fr\\\/eps2024\\\/#organization\",\"name\":\"#EPS2024\",\"url\":\"https:\\\/\\\/snepfsu.fr\\\/eps2024\\\/\",\"logo\":{\"@type\":\"ImageObject\",\"inLanguage\":\"fr-FR\",\"@id\":\"https:\\\/\\\/snepfsu.fr\\\/eps2024\\\/#\\\/schema\\\/logo\\\/image\\\/\",\"url\":\"https:\\\/\\\/snepfsu.fr\\\/eps2024\\\/wp-content\\\/uploads\\\/2023\\\/10\\\/signature-2023-4000-x-690-px-2560-x-442-px.gif\",\"contentUrl\":\"https:\\\/\\\/snepfsu.fr\\\/eps2024\\\/wp-content\\\/uploads\\\/2023\\\/10\\\/signature-2023-4000-x-690-px-2560-x-442-px.gif\",\"width\":2560,\"height\":442,\"caption\":\"#EPS2024\"},\"image\":{\"@id\":\"https:\\\/\\\/snepfsu.fr\\\/eps2024\\\/#\\\/schema\\\/logo\\\/image\\\/\"}}]}<\/script>\n<!-- \/ Yoast SEO plugin. -->","yoast_head_json":{"title":"Op\u00e9ration V\u00e9rit\u00e9 - #EPS2024","robots":{"index":"index","follow":"follow","max-snippet":"max-snippet:-1","max-image-preview":"max-image-preview:large","max-video-preview":"max-video-preview:-1"},"canonical":"https:\/\/snepfsu.fr\/eps2024\/operation-verite\/","og_locale":"fr_FR","og_type":"article","og_title":"Op\u00e9ration V\u00e9rit\u00e9 - #EPS2024","og_description":"Op\u00e9ration V\u00e9rit\u00e9 Le SNEP-FSU revendique un r\u00e9el h\u00e9ritage des Jeux Olympiques et Paralympiques 2024 car le premier lieu de pratique physique, sportive et artistique, c&rsquo;est l&rsquo;EPS \u00e0 l&rsquo;\u00e9cole. L&rsquo;op\u00e9ration v\u00e9rit\u00e9, initi\u00e9e par le SNEP-FSU, fait un \u00e9tat des lieux des besoins sur le terrain.","og_url":"https:\/\/snepfsu.fr\/eps2024\/operation-verite\/","og_site_name":"#EPS2024","article_modified_time":"2024-05-03T10:10:28+00:00","twitter_card":"summary_large_image","twitter_misc":{"Dur\u00e9e de lecture estim\u00e9e":"1 minute"},"schema":{"@context":"https:\/\/schema.org","@graph":[{"@type":"WebPage","@id":"https:\/\/snepfsu.fr\/eps2024\/operation-verite\/","url":"https:\/\/snepfsu.fr\/eps2024\/operation-verite\/","name":"Op\u00e9ration V\u00e9rit\u00e9 - #EPS2024","isPartOf":{"@id":"https:\/\/snepfsu.fr\/eps2024\/#website"},"datePublished":"2024-05-02T13:01:24+00:00","dateModified":"2024-05-03T10:10:28+00:00","breadcrumb":{"@id":"https:\/\/snepfsu.fr\/eps2024\/operation-verite\/#breadcrumb"},"inLanguage":"fr-FR","potentialAction":[{"@type":"ReadAction","target":["https:\/\/snepfsu.fr\/eps2024\/operation-verite\/"]}]},{"@type":"BreadcrumbList","@id":"https:\/\/snepfsu.fr\/eps2024\/operation-verite\/#breadcrumb","itemListElement":[{"@type":"ListItem","position":1,"name":"Accueil","item":"https:\/\/snepfsu.fr\/eps2024\/"},{"@type":"ListItem","position":2,"name":"Op\u00e9ration V\u00e9rit\u00e9"}]},{"@type":"WebSite","@id":"https:\/\/snepfsu.fr\/eps2024\/#website","url":"https:\/\/snepfsu.fr\/eps2024\/","name":"#EPS2024","description":"","publisher":{"@id":"https:\/\/snepfsu.fr\/eps2024\/#organization"},"potentialAction":[{"@type":"SearchAction","target":{"@type":"EntryPoint","urlTemplate":"https:\/\/snepfsu.fr\/eps2024\/?s={search_term_string}"},"query-input":{"@type":"PropertyValueSpecification","valueRequired":true,"valueName":"search_term_string"}}],"inLanguage":"fr-FR"},{"@type":"Organization","@id":"https:\/\/snepfsu.fr\/eps2024\/#organization","name":"#EPS2024","url":"https:\/\/snepfsu.fr\/eps2024\/","logo":{"@type":"ImageObject","inLanguage":"fr-FR","@id":"https:\/\/snepfsu.fr\/eps2024\/#\/schema\/logo\/image\/","url":"https:\/\/snepfsu.fr\/eps2024\/wp-content\/uploads\/2023\/10\/signature-2023-4000-x-690-px-2560-x-442-px.gif","contentUrl":"https:\/\/snepfsu.fr\/eps2024\/wp-content\/uploads\/2023\/10\/signature-2023-4000-x-690-px-2560-x-442-px.gif","width":2560,"height":442,"caption":"#EPS2024"},"image":{"@id":"https:\/\/snepfsu.fr\/eps2024\/#\/schema\/logo\/image\/"}}]}},"_links":{"self":[{"href":"https:\/\/snepfsu.fr\/eps2024\/wp-json\/wp\/v2\/pages\/879","targetHints":{"allow":["GET"]}}],"collection":[{"href":"https:\/\/snepfsu.fr\/eps2024\/wp-json\/wp\/v2\/pages"}],"about":[{"href":"https:\/\/snepfsu.fr\/eps2024\/wp-json\/wp\/v2\/types\/page"}],"author":[{"embeddable":true,"href":"https:\/\/snepfsu.fr\/eps2024\/wp-json\/wp\/v2\/users\/1"}],"replies":[{"embeddable":true,"href":"https:\/\/snepfsu.fr\/eps2024\/wp-json\/wp\/v2\/comments?post=879"}],"version-history":[{"count":5,"href":"https:\/\/snepfsu.fr\/eps2024\/wp-json\/wp\/v2\/pages\/879\/revisions"}],"predecessor-version":[{"id":909,"href":"https:\/\/snepfsu.fr\/eps2024\/wp-json\/wp\/v2\/pages\/879\/revisions\/909"}],"wp:attachment":[{"href":"https:\/\/snepfsu.fr\/eps2024\/wp-json\/wp\/v2\/media?parent=879"}],"curies":[{"name":"wp","href":"https:\/\/api.w.org\/{rel}","templated":true}]}}