{"id":116,"date":"2023-10-12T11:34:59","date_gmt":"2023-10-12T09:34:59","guid":{"rendered":"https:\/\/snepfsu.fr\/eps2024\/?page_id=116"},"modified":"2023-10-12T17:48:28","modified_gmt":"2023-10-12T15:48:28","slug":"les-initiatives","status":"publish","type":"page","link":"https:\/\/snepfsu.fr\/eps2024\/les-initiatives\/","title":{"rendered":"Les initiatives"},"content":{"rendered":"\t\t<div data-elementor-type=\"wp-page\" data-elementor-id=\"116\" class=\"elementor elementor-116\" data-elementor-post-type=\"page\">\n\t\t\t\t<div class=\"elementor-element elementor-element-dc1eec8 e-flex e-con-boxed e-con e-parent\" data-id=\"dc1eec8\" data-element_type=\"container\" data-e-type=\"container\">\n\t\t\t\t\t<div class=\"e-con-inner\">\n\t\t\t\t<div class=\"elementor-element elementor-element-3defb52 elementor-widget elementor-widget-heading\" data-id=\"3defb52\" data-element_type=\"widget\" data-e-type=\"widget\" data-widget_type=\"heading.default\">\n\t\t\t\t<div class=\"elementor-widget-container\">\n\t\t\t\t\t<h1 class=\"elementor-heading-title elementor-size-xxl\">Les initiatives<\/h1>\t\t\t\t<\/div>\n\t\t\t\t<\/div>\n\t\t\t\t\t<\/div>\n\t\t\t\t<\/div>\n\t\t<div class=\"elementor-element elementor-element-32f53ee e-flex e-con-boxed e-con e-parent\" data-id=\"32f53ee\" data-element_type=\"container\" data-e-type=\"container\">\n\t\t\t\t\t<div class=\"e-con-inner\">\n\t\t\t\t<div class=\"elementor-element elementor-element-c3c804f elementor-widget elementor-widget-heading\" data-id=\"c3c804f\" data-element_type=\"widget\" data-e-type=\"widget\" data-widget_type=\"heading.default\">\n\t\t\t\t<div class=\"elementor-widget-container\">\n\t\t\t\t\t<h2 class=\"elementor-heading-title elementor-size-default\">Bretagne<\/h2>\t\t\t\t<\/div>\n\t\t\t\t<\/div>\n\t\t\t\t\t<\/div>\n\t\t\t\t<\/div>\n\t\t<div class=\"elementor-element elementor-element-501dbdc e-flex e-con-boxed e-con e-parent\" data-id=\"501dbdc\" data-element_type=\"container\" data-e-type=\"container\">\n\t\t\t\t\t<div class=\"e-con-inner\">\n\t\t\t\t<div class=\"elementor-element elementor-element-51f3d49 elementor-position-left elementor-vertical-align-top elementor-widget elementor-widget-image-box\" data-id=\"51f3d49\" data-element_type=\"widget\" data-e-type=\"widget\" data-widget_type=\"image-box.default\">\n\t\t\t\t<div class=\"elementor-widget-container\">\n\t\t\t\t\t<div class=\"elementor-image-box-wrapper\"><figure class=\"elementor-image-box-img\"><a href=\"http:\/\/www.snepfsu-rennes.net\/equipements\/\" tabindex=\"-1\"><img fetchpriority=\"high\" decoding=\"async\" width=\"477\" height=\"270\" src=\"https:\/\/snepfsu.fr\/eps2024\/wp-content\/uploads\/2023\/10\/gymnascore-bretagne.png\" class=\"attachment-full size-full wp-image-112\" alt=\"\" srcset=\"https:\/\/snepfsu.fr\/eps2024\/wp-content\/uploads\/2023\/10\/gymnascore-bretagne.png 477w, https:\/\/snepfsu.fr\/eps2024\/wp-content\/uploads\/2023\/10\/gymnascore-bretagne-300x170.png 300w\" sizes=\"(max-width: 477px) 100vw, 477px\" \/><\/a><\/figure><div class=\"elementor-image-box-content\"><h3 class=\"elementor-image-box-title\"><a href=\"http:\/\/www.snepfsu-rennes.net\/equipements\/\">Enqu\u00eate sur les grandes salles de Bretagne #Gymnas'Score 2023<\/a><\/h3><p class=\"elementor-image-box-description\">Le SNEP Bretagne vous pr\u00e9sente son travail d'\u00e9valuation de p)lus de 250 grandes salles de Bretagne utilis\u00e9es par les scolaires, avec l'objectif de faire le point 20 ans apr\u00e8s l'enqu\u00eate de 2002 et de peser sur la question \"Quelles installations pour 2030-2050 ?\"<br><a href=\"http:\/\/www.snepfsu-rennes.net\/equipements\/\">En savoir plus...<\/a><\/p><\/div><\/div>\t\t\t\t<\/div>\n\t\t\t\t<\/div>\n\t\t\t\t\t<\/div>\n\t\t\t\t<\/div>\n\t\t\t\t<\/div>\n\t\t","protected":false},"excerpt":{"rendered":"<p>Les initiatives Bretagne Enqu\u00eate sur les grandes salles de Bretagne #Gymnas&rsquo;Score 2023 Le SNEP Bretagne vous pr\u00e9sente son travail d&rsquo;\u00e9valuation de p)lus de 250 grandes salles de Bretagne utilis\u00e9es par les scolaires, avec l&rsquo;objectif de faire le point 20 ans apr\u00e8s l&rsquo;enqu\u00eate de 2002 et de peser sur la question \u00ab\u00a0Quelles installations pour 2030-2050 ?\u00a0\u00bbEn [&hellip;]<\/p>\n","protected":false},"author":1,"featured_media":0,"parent":0,"menu_order":0,"comment_status":"closed","ping_status":"closed","template":"","meta":{"ocean_post_layout":"","ocean_both_sidebars_style":"","ocean_both_sidebars_content_width":0,"ocean_both_sidebars_sidebars_width":0,"ocean_sidebar":"","ocean_second_sidebar":"","ocean_disable_margins":"enable","ocean_add_body_class":"","ocean_shortcode_before_top_bar":"","ocean_shortcode_after_top_bar":"","ocean_shortcode_before_header":"","ocean_shortcode_after_header":"","ocean_has_shortcode":"","ocean_shortcode_after_title":"","ocean_shortcode_before_footer_widgets":"","ocean_shortcode_after_footer_widgets":"","ocean_shortcode_before_footer_bottom":"","ocean_shortcode_after_footer_bottom":"","ocean_display_top_bar":"default","ocean_display_header":"default","ocean_header_style":"","ocean_center_header_left_menu":"","ocean_custom_header_template":"","ocean_custom_logo":0,"ocean_custom_retina_logo":0,"ocean_custom_logo_max_width":0,"ocean_custom_logo_tablet_max_width":0,"ocean_custom_logo_mobile_max_width":0,"ocean_custom_logo_max_height":0,"ocean_custom_logo_tablet_max_height":0,"ocean_custom_logo_mobile_max_height":0,"ocean_header_custom_menu":"","ocean_menu_typo_font_family":"","ocean_menu_typo_font_subset":"","ocean_menu_typo_font_size":0,"ocean_menu_typo_font_size_tablet":0,"ocean_menu_typo_font_size_mobile":0,"ocean_menu_typo_font_size_unit":"px","ocean_menu_typo_font_weight":"","ocean_menu_typo_font_weight_tablet":"","ocean_menu_typo_font_weight_mobile":"","ocean_menu_typo_transform":"","ocean_menu_typo_transform_tablet":"","ocean_menu_typo_transform_mobile":"","ocean_menu_typo_line_height":0,"ocean_menu_typo_line_height_tablet":0,"ocean_menu_typo_line_height_mobile":0,"ocean_menu_typo_line_height_unit":"","ocean_menu_typo_spacing":0,"ocean_menu_typo_spacing_tablet":0,"ocean_menu_typo_spacing_mobile":0,"ocean_menu_typo_spacing_unit":"","ocean_menu_link_color":"","ocean_menu_link_color_hover":"","ocean_menu_link_color_active":"","ocean_menu_link_background":"","ocean_menu_link_hover_background":"","ocean_menu_link_active_background":"","ocean_menu_social_links_bg":"","ocean_menu_social_hover_links_bg":"","ocean_menu_social_links_color":"","ocean_menu_social_hover_links_color":"","ocean_disable_title":"default","ocean_disable_heading":"default","ocean_post_title":"","ocean_post_subheading":"","ocean_post_title_style":"","ocean_post_title_background_color":"","ocean_post_title_background":0,"ocean_post_title_bg_image_position":"","ocean_post_title_bg_image_attachment":"","ocean_post_title_bg_image_repeat":"","ocean_post_title_bg_image_size":"","ocean_post_title_height":0,"ocean_post_title_bg_overlay":0.5,"ocean_post_title_bg_overlay_color":"","ocean_disable_breadcrumbs":"default","ocean_breadcrumbs_color":"","ocean_breadcrumbs_separator_color":"","ocean_breadcrumbs_links_color":"","ocean_breadcrumbs_links_hover_color":"","ocean_display_footer_widgets":"default","ocean_display_footer_bottom":"default","ocean_custom_footer_template":"","footnotes":""},"class_list":["post-116","page","type-page","status-publish","hentry","entry"],"yoast_head":"<!-- This site is optimized with the Yoast SEO plugin v27.5 - https:\/\/yoast.com\/product\/yoast-seo-wordpress\/ -->\n<title>Les initiatives - #EPS2024<\/title>\n<meta name=\"robots\" content=\"index, follow, max-snippet:-1, max-image-preview:large, max-video-preview:-1\" \/>\n<link rel=\"canonical\" href=\"https:\/\/snepfsu.fr\/eps2024\/les-initiatives\/\" \/>\n<meta property=\"og:locale\" content=\"fr_FR\" \/>\n<meta property=\"og:type\" content=\"article\" \/>\n<meta property=\"og:title\" content=\"Les initiatives - #EPS2024\" \/>\n<meta property=\"og:description\" content=\"Les initiatives Bretagne Enqu\u00eate sur les grandes salles de Bretagne #Gymnas&rsquo;Score 2023 Le SNEP Bretagne vous pr\u00e9sente son travail d&rsquo;\u00e9valuation de p)lus de 250 grandes salles de Bretagne utilis\u00e9es par les scolaires, avec l&rsquo;objectif de faire le point 20 ans apr\u00e8s l&rsquo;enqu\u00eate de 2002 et de peser sur la question \u00ab\u00a0Quelles installations pour 2030-2050 ?\u00a0\u00bbEn [&hellip;]\" \/>\n<meta property=\"og:url\" content=\"https:\/\/snepfsu.fr\/eps2024\/les-initiatives\/\" \/>\n<meta property=\"og:site_name\" content=\"#EPS2024\" \/>\n<meta property=\"article:modified_time\" content=\"2023-10-12T15:48:28+00:00\" \/>\n<meta property=\"og:image\" content=\"http:\/\/snepfsu.fr\/eps2024\/wp-content\/uploads\/2023\/10\/gymnascore-bretagne.png\" \/>\n<meta name=\"twitter:card\" content=\"summary_large_image\" \/>\n<meta name=\"twitter:label1\" content=\"Dur\u00e9e de lecture estim\u00e9e\" \/>\n\t<meta name=\"twitter:data1\" content=\"1 minute\" \/>\n<script type=\"application\/ld+json\" class=\"yoast-schema-graph\">{\"@context\":\"https:\\\/\\\/schema.org\",\"@graph\":[{\"@type\":\"WebPage\",\"@id\":\"https:\\\/\\\/snepfsu.fr\\\/eps2024\\\/les-initiatives\\\/\",\"url\":\"https:\\\/\\\/snepfsu.fr\\\/eps2024\\\/les-initiatives\\\/\",\"name\":\"Les initiatives - #EPS2024\",\"isPartOf\":{\"@id\":\"https:\\\/\\\/snepfsu.fr\\\/eps2024\\\/#website\"},\"primaryImageOfPage\":{\"@id\":\"https:\\\/\\\/snepfsu.fr\\\/eps2024\\\/les-initiatives\\\/#primaryimage\"},\"image\":{\"@id\":\"https:\\\/\\\/snepfsu.fr\\\/eps2024\\\/les-initiatives\\\/#primaryimage\"},\"thumbnailUrl\":\"http:\\\/\\\/snepfsu.fr\\\/eps2024\\\/wp-content\\\/uploads\\\/2023\\\/10\\\/gymnascore-bretagne.png\",\"datePublished\":\"2023-10-12T09:34:59+00:00\",\"dateModified\":\"2023-10-12T15:48:28+00:00\",\"breadcrumb\":{\"@id\":\"https:\\\/\\\/snepfsu.fr\\\/eps2024\\\/les-initiatives\\\/#breadcrumb\"},\"inLanguage\":\"fr-FR\",\"potentialAction\":[{\"@type\":\"ReadAction\",\"target\":[\"https:\\\/\\\/snepfsu.fr\\\/eps2024\\\/les-initiatives\\\/\"]}]},{\"@type\":\"ImageObject\",\"inLanguage\":\"fr-FR\",\"@id\":\"https:\\\/\\\/snepfsu.fr\\\/eps2024\\\/les-initiatives\\\/#primaryimage\",\"url\":\"https:\\\/\\\/snepfsu.fr\\\/eps2024\\\/wp-content\\\/uploads\\\/2023\\\/10\\\/gymnascore-bretagne.png\",\"contentUrl\":\"https:\\\/\\\/snepfsu.fr\\\/eps2024\\\/wp-content\\\/uploads\\\/2023\\\/10\\\/gymnascore-bretagne.png\",\"width\":477,\"height\":270},{\"@type\":\"BreadcrumbList\",\"@id\":\"https:\\\/\\\/snepfsu.fr\\\/eps2024\\\/les-initiatives\\\/#breadcrumb\",\"itemListElement\":[{\"@type\":\"ListItem\",\"position\":1,\"name\":\"Accueil\",\"item\":\"https:\\\/\\\/snepfsu.fr\\\/eps2024\\\/\"},{\"@type\":\"ListItem\",\"position\":2,\"name\":\"Les initiatives\"}]},{\"@type\":\"WebSite\",\"@id\":\"https:\\\/\\\/snepfsu.fr\\\/eps2024\\\/#website\",\"url\":\"https:\\\/\\\/snepfsu.fr\\\/eps2024\\\/\",\"name\":\"#EPS2024\",\"description\":\"\",\"publisher\":{\"@id\":\"https:\\\/\\\/snepfsu.fr\\\/eps2024\\\/#organization\"},\"potentialAction\":[{\"@type\":\"SearchAction\",\"target\":{\"@type\":\"EntryPoint\",\"urlTemplate\":\"https:\\\/\\\/snepfsu.fr\\\/eps2024\\\/?s={search_term_string}\"},\"query-input\":{\"@type\":\"PropertyValueSpecification\",\"valueRequired\":true,\"valueName\":\"search_term_string\"}}],\"inLanguage\":\"fr-FR\"},{\"@type\":\"Organization\",\"@id\":\"https:\\\/\\\/snepfsu.fr\\\/eps2024\\\/#organization\",\"name\":\"#EPS2024\",\"url\":\"https:\\\/\\\/snepfsu.fr\\\/eps2024\\\/\",\"logo\":{\"@type\":\"ImageObject\",\"inLanguage\":\"fr-FR\",\"@id\":\"https:\\\/\\\/snepfsu.fr\\\/eps2024\\\/#\\\/schema\\\/logo\\\/image\\\/\",\"url\":\"https:\\\/\\\/snepfsu.fr\\\/eps2024\\\/wp-content\\\/uploads\\\/2023\\\/10\\\/signature-2023-4000-x-690-px-2560-x-442-px.gif\",\"contentUrl\":\"https:\\\/\\\/snepfsu.fr\\\/eps2024\\\/wp-content\\\/uploads\\\/2023\\\/10\\\/signature-2023-4000-x-690-px-2560-x-442-px.gif\",\"width\":2560,\"height\":442,\"caption\":\"#EPS2024\"},\"image\":{\"@id\":\"https:\\\/\\\/snepfsu.fr\\\/eps2024\\\/#\\\/schema\\\/logo\\\/image\\\/\"}}]}<\/script>\n<!-- \/ Yoast SEO plugin. -->","yoast_head_json":{"title":"Les initiatives - #EPS2024","robots":{"index":"index","follow":"follow","max-snippet":"max-snippet:-1","max-image-preview":"max-image-preview:large","max-video-preview":"max-video-preview:-1"},"canonical":"https:\/\/snepfsu.fr\/eps2024\/les-initiatives\/","og_locale":"fr_FR","og_type":"article","og_title":"Les initiatives - #EPS2024","og_description":"Les initiatives Bretagne Enqu\u00eate sur les grandes salles de Bretagne #Gymnas&rsquo;Score 2023 Le SNEP Bretagne vous pr\u00e9sente son travail d&rsquo;\u00e9valuation de p)lus de 250 grandes salles de Bretagne utilis\u00e9es par les scolaires, avec l&rsquo;objectif de faire le point 20 ans apr\u00e8s l&rsquo;enqu\u00eate de 2002 et de peser sur la question \u00ab\u00a0Quelles installations pour 2030-2050 ?\u00a0\u00bbEn [&hellip;]","og_url":"https:\/\/snepfsu.fr\/eps2024\/les-initiatives\/","og_site_name":"#EPS2024","article_modified_time":"2023-10-12T15:48:28+00:00","og_image":[{"url":"http:\/\/snepfsu.fr\/eps2024\/wp-content\/uploads\/2023\/10\/gymnascore-bretagne.png","type":"","width":"","height":""}],"twitter_card":"summary_large_image","twitter_misc":{"Dur\u00e9e de lecture estim\u00e9e":"1 minute"},"schema":{"@context":"https:\/\/schema.org","@graph":[{"@type":"WebPage","@id":"https:\/\/snepfsu.fr\/eps2024\/les-initiatives\/","url":"https:\/\/snepfsu.fr\/eps2024\/les-initiatives\/","name":"Les initiatives - #EPS2024","isPartOf":{"@id":"https:\/\/snepfsu.fr\/eps2024\/#website"},"primaryImageOfPage":{"@id":"https:\/\/snepfsu.fr\/eps2024\/les-initiatives\/#primaryimage"},"image":{"@id":"https:\/\/snepfsu.fr\/eps2024\/les-initiatives\/#primaryimage"},"thumbnailUrl":"http:\/\/snepfsu.fr\/eps2024\/wp-content\/uploads\/2023\/10\/gymnascore-bretagne.png","datePublished":"2023-10-12T09:34:59+00:00","dateModified":"2023-10-12T15:48:28+00:00","breadcrumb":{"@id":"https:\/\/snepfsu.fr\/eps2024\/les-initiatives\/#breadcrumb"},"inLanguage":"fr-FR","potentialAction":[{"@type":"ReadAction","target":["https:\/\/snepfsu.fr\/eps2024\/les-initiatives\/"]}]},{"@type":"ImageObject","inLanguage":"fr-FR","@id":"https:\/\/snepfsu.fr\/eps2024\/les-initiatives\/#primaryimage","url":"https:\/\/snepfsu.fr\/eps2024\/wp-content\/uploads\/2023\/10\/gymnascore-bretagne.png","contentUrl":"https:\/\/snepfsu.fr\/eps2024\/wp-content\/uploads\/2023\/10\/gymnascore-bretagne.png","width":477,"height":270},{"@type":"BreadcrumbList","@id":"https:\/\/snepfsu.fr\/eps2024\/les-initiatives\/#breadcrumb","itemListElement":[{"@type":"ListItem","position":1,"name":"Accueil","item":"https:\/\/snepfsu.fr\/eps2024\/"},{"@type":"ListItem","position":2,"name":"Les initiatives"}]},{"@type":"WebSite","@id":"https:\/\/snepfsu.fr\/eps2024\/#website","url":"https:\/\/snepfsu.fr\/eps2024\/","name":"#EPS2024","description":"","publisher":{"@id":"https:\/\/snepfsu.fr\/eps2024\/#organization"},"potentialAction":[{"@type":"SearchAction","target":{"@type":"EntryPoint","urlTemplate":"https:\/\/snepfsu.fr\/eps2024\/?s={search_term_string}"},"query-input":{"@type":"PropertyValueSpecification","valueRequired":true,"valueName":"search_term_string"}}],"inLanguage":"fr-FR"},{"@type":"Organization","@id":"https:\/\/snepfsu.fr\/eps2024\/#organization","name":"#EPS2024","url":"https:\/\/snepfsu.fr\/eps2024\/","logo":{"@type":"ImageObject","inLanguage":"fr-FR","@id":"https:\/\/snepfsu.fr\/eps2024\/#\/schema\/logo\/image\/","url":"https:\/\/snepfsu.fr\/eps2024\/wp-content\/uploads\/2023\/10\/signature-2023-4000-x-690-px-2560-x-442-px.gif","contentUrl":"https:\/\/snepfsu.fr\/eps2024\/wp-content\/uploads\/2023\/10\/signature-2023-4000-x-690-px-2560-x-442-px.gif","width":2560,"height":442,"caption":"#EPS2024"},"image":{"@id":"https:\/\/snepfsu.fr\/eps2024\/#\/schema\/logo\/image\/"}}]}},"_links":{"self":[{"href":"https:\/\/snepfsu.fr\/eps2024\/wp-json\/wp\/v2\/pages\/116","targetHints":{"allow":["GET"]}}],"collection":[{"href":"https:\/\/snepfsu.fr\/eps2024\/wp-json\/wp\/v2\/pages"}],"about":[{"href":"https:\/\/snepfsu.fr\/eps2024\/wp-json\/wp\/v2\/types\/page"}],"author":[{"embeddable":true,"href":"https:\/\/snepfsu.fr\/eps2024\/wp-json\/wp\/v2\/users\/1"}],"replies":[{"embeddable":true,"href":"https:\/\/snepfsu.fr\/eps2024\/wp-json\/wp\/v2\/comments?post=116"}],"version-history":[{"count":4,"href":"https:\/\/snepfsu.fr\/eps2024\/wp-json\/wp\/v2\/pages\/116\/revisions"}],"predecessor-version":[{"id":228,"href":"https:\/\/snepfsu.fr\/eps2024\/wp-json\/wp\/v2\/pages\/116\/revisions\/228"}],"wp:attachment":[{"href":"https:\/\/snepfsu.fr\/eps2024\/wp-json\/wp\/v2\/media?parent=116"}],"curies":[{"name":"wp","href":"https:\/\/api.w.org\/{rel}","templated":true}]}}