{"id":1006,"date":"2024-06-17T14:16:52","date_gmt":"2024-06-17T12:16:52","guid":{"rendered":"https:\/\/snepfsu.fr\/eps2024\/?page_id=1006"},"modified":"2024-06-17T14:20:40","modified_gmt":"2024-06-17T12:20:40","slug":"operation-verite-lp-leonard-de-vinci-perigueux","status":"publish","type":"page","link":"https:\/\/snepfsu.fr\/eps2024\/operation-verite\/operation-verite-lp-leonard-de-vinci-perigueux\/","title":{"rendered":"Op\u00e9ration V\u00e9rit\u00e9 &#8211; LP L\u00e9onard de Vinci &#8211; P\u00e9rigueux"},"content":{"rendered":"\t\t<div data-elementor-type=\"wp-page\" data-elementor-id=\"1006\" class=\"elementor elementor-1006\" data-elementor-post-type=\"page\">\n\t\t\t\t<div class=\"elementor-element elementor-element-b3f6a24 e-flex e-con-boxed e-con e-parent\" data-id=\"b3f6a24\" data-element_type=\"container\" data-e-type=\"container\">\n\t\t\t\t\t<div class=\"e-con-inner\">\n\t\t\t\t<div class=\"elementor-element elementor-element-07654a2 elementor-widget elementor-widget-heading\" data-id=\"07654a2\" data-element_type=\"widget\" data-e-type=\"widget\" data-widget_type=\"heading.default\">\n\t\t\t\t<div class=\"elementor-widget-container\">\n\t\t\t\t\t<h1 class=\"elementor-heading-title elementor-size-xxl\">Op\u00e9ration V\u00e9rit\u00e9<\/h1>\t\t\t\t<\/div>\n\t\t\t\t<\/div>\n\t\t\t\t\t<\/div>\n\t\t\t\t<\/div>\n\t\t<div class=\"elementor-element elementor-element-920f5d9 e-flex e-con-boxed e-con e-parent\" data-id=\"920f5d9\" data-element_type=\"container\" data-e-type=\"container\">\n\t\t\t\t\t<div class=\"e-con-inner\">\n\t\t\t\t<div class=\"elementor-element elementor-element-ac26d04 elementor-widget elementor-widget-heading\" data-id=\"ac26d04\" data-element_type=\"widget\" data-e-type=\"widget\" data-widget_type=\"heading.default\">\n\t\t\t\t<div class=\"elementor-widget-container\">\n\t\t\t\t\t<h2 class=\"elementor-heading-title elementor-size-large\">Lyc\u00e9e professionnel L\u00e9onard de Vinci de P\u00e9rigueux<\/h2>\t\t\t\t<\/div>\n\t\t\t\t<\/div>\n\t\t\t\t<div class=\"elementor-element elementor-element-a556432 elementor-widget elementor-widget-text-editor\" data-id=\"a556432\" data-element_type=\"widget\" data-e-type=\"widget\" data-widget_type=\"text-editor.default\">\n\t\t\t\t<div class=\"elementor-widget-container\">\n\t\t\t\t\t\t\t\t\t<div dir=\"ltr\" data-setdir=\"false\"><span style=\"text-decoration: underline;\">T\u00e9moignage :\u00a0<\/span><\/div>\n<div dir=\"ltr\" data-setdir=\"false\">\n<div dir=\"auto\">Au lyc\u00e9e professionnel L\u00e9onard de Vinci de\u00a0P\u00e9rigueux, nous sommes toujours oblig\u00e9s de nous d\u00e9placer sur les \u00e9quipements municipaux car les installations intra-muros r\u00e9alis\u00e9es assez r\u00e9cemment par la r\u00e9gion sont trop petites :<\/div>\n<ul>\n \t<li dir=\"auto\">salle de 400 m2<\/li>\n \t<li dir=\"auto\">salle de muscu 48 m2<\/li>\n \t<li dir=\"auto\">et le plateau bitum\u00e9 ext\u00e9rieur est v\u00e9tuste et glissant la majorit\u00e9 de l\u2019ann\u00e9e car situ\u00e9 \u00e0 c\u00f4t\u00e9 d\u2019un cours d\u2019eau qui favorise la formation de mousses et de lichens .<\/li>\n<\/ul>\n<\/div>\t\t\t\t\t\t\t\t<\/div>\n\t\t\t\t<\/div>\n\t\t\t\t\t<\/div>\n\t\t\t\t<\/div>\n\t\t<div class=\"elementor-element elementor-element-5558713 e-flex e-con-boxed e-con e-parent\" data-id=\"5558713\" data-element_type=\"container\" data-e-type=\"container\">\n\t\t\t\t\t<div class=\"e-con-inner\">\n\t\t\t\t<div class=\"elementor-element elementor-element-cc08223 elementor-widget elementor-widget-gallery\" data-id=\"cc08223\" data-element_type=\"widget\" data-e-type=\"widget\" data-settings=\"{&quot;gallery_layout&quot;:&quot;masonry&quot;,&quot;columns&quot;:3,&quot;lazyload&quot;:&quot;yes&quot;,&quot;columns_tablet&quot;:2,&quot;columns_mobile&quot;:1,&quot;gap&quot;:{&quot;unit&quot;:&quot;px&quot;,&quot;size&quot;:10,&quot;sizes&quot;:[]},&quot;gap_tablet&quot;:{&quot;unit&quot;:&quot;px&quot;,&quot;size&quot;:10,&quot;sizes&quot;:[]},&quot;gap_mobile&quot;:{&quot;unit&quot;:&quot;px&quot;,&quot;size&quot;:10,&quot;sizes&quot;:[]},&quot;link_to&quot;:&quot;file&quot;,&quot;overlay_background&quot;:&quot;yes&quot;,&quot;content_hover_animation&quot;:&quot;fade-in&quot;}\" data-widget_type=\"gallery.default\">\n\t\t\t\t<div class=\"elementor-widget-container\">\n\t\t\t\t\t\t\t<div class=\"elementor-gallery__container\">\n\t\t\t\t\t\t\t<a class=\"e-gallery-item elementor-gallery-item elementor-animated-content\" href=\"http:\/\/snepfsu.fr\/eps2024\/wp-content\/uploads\/2024\/06\/IMG_0559-scaled.jpg\" data-elementor-open-lightbox=\"yes\" data-elementor-lightbox-slideshow=\"cc08223\" data-elementor-lightbox-title=\"IMG_0559\" data-e-action-hash=\"#elementor-action%3Aaction%3Dlightbox%26settings%3DeyJpZCI6MTAwOCwidXJsIjoiaHR0cDpcL1wvc25lcGZzdS5mclwvZXBzMjAyNFwvd3AtY29udGVudFwvdXBsb2Fkc1wvMjAyNFwvMDZcL0lNR18wNTU5LXNjYWxlZC5qcGciLCJzbGlkZXNob3ciOiJjYzA4MjIzIn0%3D\">\n\t\t\t\t\t<div class=\"e-gallery-image elementor-gallery-item__image\" data-thumbnail=\"http:\/\/snepfsu.fr\/eps2024\/wp-content\/uploads\/2024\/06\/IMG_0559-scaled.jpg\" data-width=\"1920\" data-height=\"2560\" aria-label=\"\" role=\"img\" ><\/div>\n\t\t\t\t\t\t\t\t\t\t\t<div class=\"elementor-gallery-item__overlay\"><\/div>\n\t\t\t\t\t\t\t\t\t\t\t\t\t\t<\/a>\n\t\t\t\t\t\t\t<a class=\"e-gallery-item elementor-gallery-item elementor-animated-content\" href=\"http:\/\/snepfsu.fr\/eps2024\/wp-content\/uploads\/2024\/06\/IMG_0563-scaled.jpg\" data-elementor-open-lightbox=\"yes\" data-elementor-lightbox-slideshow=\"cc08223\" data-elementor-lightbox-title=\"IMG_0563\" data-e-action-hash=\"#elementor-action%3Aaction%3Dlightbox%26settings%3DeyJpZCI6MTAwOSwidXJsIjoiaHR0cDpcL1wvc25lcGZzdS5mclwvZXBzMjAyNFwvd3AtY29udGVudFwvdXBsb2Fkc1wvMjAyNFwvMDZcL0lNR18wNTYzLXNjYWxlZC5qcGciLCJzbGlkZXNob3ciOiJjYzA4MjIzIn0%3D\">\n\t\t\t\t\t<div class=\"e-gallery-image elementor-gallery-item__image\" data-thumbnail=\"http:\/\/snepfsu.fr\/eps2024\/wp-content\/uploads\/2024\/06\/IMG_0563-scaled.jpg\" data-width=\"2560\" data-height=\"1719\" aria-label=\"\" role=\"img\" ><\/div>\n\t\t\t\t\t\t\t\t\t\t\t<div class=\"elementor-gallery-item__overlay\"><\/div>\n\t\t\t\t\t\t\t\t\t\t\t\t\t\t<\/a>\n\t\t\t\t\t\t\t<a class=\"e-gallery-item elementor-gallery-item elementor-animated-content\" href=\"http:\/\/snepfsu.fr\/eps2024\/wp-content\/uploads\/2024\/06\/IMG_0564-scaled.jpg\" data-elementor-open-lightbox=\"yes\" data-elementor-lightbox-slideshow=\"cc08223\" data-elementor-lightbox-title=\"IMG_0564\" data-e-action-hash=\"#elementor-action%3Aaction%3Dlightbox%26settings%3DeyJpZCI6MTAxMCwidXJsIjoiaHR0cDpcL1wvc25lcGZzdS5mclwvZXBzMjAyNFwvd3AtY29udGVudFwvdXBsb2Fkc1wvMjAyNFwvMDZcL0lNR18wNTY0LXNjYWxlZC5qcGciLCJzbGlkZXNob3ciOiJjYzA4MjIzIn0%3D\">\n\t\t\t\t\t<div class=\"e-gallery-image elementor-gallery-item__image\" data-thumbnail=\"http:\/\/snepfsu.fr\/eps2024\/wp-content\/uploads\/2024\/06\/IMG_0564-scaled.jpg\" data-width=\"2560\" data-height=\"1920\" aria-label=\"\" role=\"img\" ><\/div>\n\t\t\t\t\t\t\t\t\t\t\t<div class=\"elementor-gallery-item__overlay\"><\/div>\n\t\t\t\t\t\t\t\t\t\t\t\t\t\t<\/a>\n\t\t\t\t\t<\/div>\n\t\t\t\t\t<\/div>\n\t\t\t\t<\/div>\n\t\t\t\t\t<\/div>\n\t\t\t\t<\/div>\n\t\t\t\t<\/div>\n\t\t","protected":false},"excerpt":{"rendered":"<p>Op\u00e9ration V\u00e9rit\u00e9 Lyc\u00e9e professionnel L\u00e9onard de Vinci de P\u00e9rigueux T\u00e9moignage :\u00a0 Au lyc\u00e9e professionnel L\u00e9onard de Vinci de\u00a0P\u00e9rigueux, nous sommes toujours oblig\u00e9s de nous d\u00e9placer sur les \u00e9quipements municipaux car les installations intra-muros r\u00e9alis\u00e9es assez r\u00e9cemment par la r\u00e9gion sont trop petites : salle de 400 m2 salle de muscu 48 m2 et le plateau [&hellip;]<\/p>\n","protected":false},"author":1,"featured_media":0,"parent":879,"menu_order":0,"comment_status":"closed","ping_status":"closed","template":"","meta":{"ocean_post_layout":"","ocean_both_sidebars_style":"","ocean_both_sidebars_content_width":0,"ocean_both_sidebars_sidebars_width":0,"ocean_sidebar":"","ocean_second_sidebar":"","ocean_disable_margins":"enable","ocean_add_body_class":"","ocean_shortcode_before_top_bar":"","ocean_shortcode_after_top_bar":"","ocean_shortcode_before_header":"","ocean_shortcode_after_header":"","ocean_has_shortcode":"","ocean_shortcode_after_title":"","ocean_shortcode_before_footer_widgets":"","ocean_shortcode_after_footer_widgets":"","ocean_shortcode_before_footer_bottom":"","ocean_shortcode_after_footer_bottom":"","ocean_display_top_bar":"default","ocean_display_header":"default","ocean_header_style":"","ocean_center_header_left_menu":"","ocean_custom_header_template":"","ocean_custom_logo":0,"ocean_custom_retina_logo":0,"ocean_custom_logo_max_width":0,"ocean_custom_logo_tablet_max_width":0,"ocean_custom_logo_mobile_max_width":0,"ocean_custom_logo_max_height":0,"ocean_custom_logo_tablet_max_height":0,"ocean_custom_logo_mobile_max_height":0,"ocean_header_custom_menu":"","ocean_menu_typo_font_family":"","ocean_menu_typo_font_subset":"","ocean_menu_typo_font_size":0,"ocean_menu_typo_font_size_tablet":0,"ocean_menu_typo_font_size_mobile":0,"ocean_menu_typo_font_size_unit":"px","ocean_menu_typo_font_weight":"","ocean_menu_typo_font_weight_tablet":"","ocean_menu_typo_font_weight_mobile":"","ocean_menu_typo_transform":"","ocean_menu_typo_transform_tablet":"","ocean_menu_typo_transform_mobile":"","ocean_menu_typo_line_height":0,"ocean_menu_typo_line_height_tablet":0,"ocean_menu_typo_line_height_mobile":0,"ocean_menu_typo_line_height_unit":"","ocean_menu_typo_spacing":0,"ocean_menu_typo_spacing_tablet":0,"ocean_menu_typo_spacing_mobile":0,"ocean_menu_typo_spacing_unit":"","ocean_menu_link_color":"","ocean_menu_link_color_hover":"","ocean_menu_link_color_active":"","ocean_menu_link_background":"","ocean_menu_link_hover_background":"","ocean_menu_link_active_background":"","ocean_menu_social_links_bg":"","ocean_menu_social_hover_links_bg":"","ocean_menu_social_links_color":"","ocean_menu_social_hover_links_color":"","ocean_disable_title":"default","ocean_disable_heading":"default","ocean_post_title":"","ocean_post_subheading":"","ocean_post_title_style":"","ocean_post_title_background_color":"","ocean_post_title_background":0,"ocean_post_title_bg_image_position":"","ocean_post_title_bg_image_attachment":"","ocean_post_title_bg_image_repeat":"","ocean_post_title_bg_image_size":"","ocean_post_title_height":0,"ocean_post_title_bg_overlay":0.5,"ocean_post_title_bg_overlay_color":"","ocean_disable_breadcrumbs":"default","ocean_breadcrumbs_color":"","ocean_breadcrumbs_separator_color":"","ocean_breadcrumbs_links_color":"","ocean_breadcrumbs_links_hover_color":"","ocean_display_footer_widgets":"default","ocean_display_footer_bottom":"default","ocean_custom_footer_template":"","footnotes":""},"class_list":["post-1006","page","type-page","status-publish","hentry","entry"],"yoast_head":"<!-- This site is optimized with the Yoast SEO plugin v27.5 - https:\/\/yoast.com\/product\/yoast-seo-wordpress\/ -->\n<title>Op\u00e9ration V\u00e9rit\u00e9 - LP L\u00e9onard de Vinci - P\u00e9rigueux - #EPS2024<\/title>\n<meta name=\"robots\" content=\"index, follow, max-snippet:-1, max-image-preview:large, max-video-preview:-1\" \/>\n<link rel=\"canonical\" href=\"https:\/\/snepfsu.fr\/eps2024\/operation-verite\/operation-verite-lp-leonard-de-vinci-perigueux\/\" \/>\n<meta property=\"og:locale\" content=\"fr_FR\" \/>\n<meta property=\"og:type\" content=\"article\" \/>\n<meta property=\"og:title\" content=\"Op\u00e9ration V\u00e9rit\u00e9 - LP L\u00e9onard de Vinci - P\u00e9rigueux - #EPS2024\" \/>\n<meta property=\"og:description\" content=\"Op\u00e9ration V\u00e9rit\u00e9 Lyc\u00e9e professionnel L\u00e9onard de Vinci de P\u00e9rigueux T\u00e9moignage :\u00a0 Au lyc\u00e9e professionnel L\u00e9onard de Vinci de\u00a0P\u00e9rigueux, nous sommes toujours oblig\u00e9s de nous d\u00e9placer sur les \u00e9quipements municipaux car les installations intra-muros r\u00e9alis\u00e9es assez r\u00e9cemment par la r\u00e9gion sont trop petites : salle de 400 m2 salle de muscu 48 m2 et le plateau [&hellip;]\" \/>\n<meta property=\"og:url\" content=\"https:\/\/snepfsu.fr\/eps2024\/operation-verite\/operation-verite-lp-leonard-de-vinci-perigueux\/\" \/>\n<meta property=\"og:site_name\" content=\"#EPS2024\" \/>\n<meta property=\"article:modified_time\" content=\"2024-06-17T12:20:40+00:00\" \/>\n<meta name=\"twitter:card\" content=\"summary_large_image\" \/>\n<meta name=\"twitter:label1\" content=\"Dur\u00e9e de lecture estim\u00e9e\" \/>\n\t<meta name=\"twitter:data1\" content=\"1 minute\" \/>\n<script type=\"application\/ld+json\" class=\"yoast-schema-graph\">{\"@context\":\"https:\\\/\\\/schema.org\",\"@graph\":[{\"@type\":\"WebPage\",\"@id\":\"https:\\\/\\\/snepfsu.fr\\\/eps2024\\\/operation-verite\\\/operation-verite-lp-leonard-de-vinci-perigueux\\\/\",\"url\":\"https:\\\/\\\/snepfsu.fr\\\/eps2024\\\/operation-verite\\\/operation-verite-lp-leonard-de-vinci-perigueux\\\/\",\"name\":\"Op\u00e9ration V\u00e9rit\u00e9 - LP L\u00e9onard de Vinci - P\u00e9rigueux - #EPS2024\",\"isPartOf\":{\"@id\":\"https:\\\/\\\/snepfsu.fr\\\/eps2024\\\/#website\"},\"datePublished\":\"2024-06-17T12:16:52+00:00\",\"dateModified\":\"2024-06-17T12:20:40+00:00\",\"breadcrumb\":{\"@id\":\"https:\\\/\\\/snepfsu.fr\\\/eps2024\\\/operation-verite\\\/operation-verite-lp-leonard-de-vinci-perigueux\\\/#breadcrumb\"},\"inLanguage\":\"fr-FR\",\"potentialAction\":[{\"@type\":\"ReadAction\",\"target\":[\"https:\\\/\\\/snepfsu.fr\\\/eps2024\\\/operation-verite\\\/operation-verite-lp-leonard-de-vinci-perigueux\\\/\"]}]},{\"@type\":\"BreadcrumbList\",\"@id\":\"https:\\\/\\\/snepfsu.fr\\\/eps2024\\\/operation-verite\\\/operation-verite-lp-leonard-de-vinci-perigueux\\\/#breadcrumb\",\"itemListElement\":[{\"@type\":\"ListItem\",\"position\":1,\"name\":\"Accueil\",\"item\":\"https:\\\/\\\/snepfsu.fr\\\/eps2024\\\/\"},{\"@type\":\"ListItem\",\"position\":2,\"name\":\"Op\u00e9ration V\u00e9rit\u00e9\",\"item\":\"https:\\\/\\\/snepfsu.fr\\\/eps2024\\\/operation-verite\\\/\"},{\"@type\":\"ListItem\",\"position\":3,\"name\":\"Op\u00e9ration V\u00e9rit\u00e9 &#8211; LP L\u00e9onard de Vinci &#8211; P\u00e9rigueux\"}]},{\"@type\":\"WebSite\",\"@id\":\"https:\\\/\\\/snepfsu.fr\\\/eps2024\\\/#website\",\"url\":\"https:\\\/\\\/snepfsu.fr\\\/eps2024\\\/\",\"name\":\"#EPS2024\",\"description\":\"\",\"publisher\":{\"@id\":\"https:\\\/\\\/snepfsu.fr\\\/eps2024\\\/#organization\"},\"potentialAction\":[{\"@type\":\"SearchAction\",\"target\":{\"@type\":\"EntryPoint\",\"urlTemplate\":\"https:\\\/\\\/snepfsu.fr\\\/eps2024\\\/?s={search_term_string}\"},\"query-input\":{\"@type\":\"PropertyValueSpecification\",\"valueRequired\":true,\"valueName\":\"search_term_string\"}}],\"inLanguage\":\"fr-FR\"},{\"@type\":\"Organization\",\"@id\":\"https:\\\/\\\/snepfsu.fr\\\/eps2024\\\/#organization\",\"name\":\"#EPS2024\",\"url\":\"https:\\\/\\\/snepfsu.fr\\\/eps2024\\\/\",\"logo\":{\"@type\":\"ImageObject\",\"inLanguage\":\"fr-FR\",\"@id\":\"https:\\\/\\\/snepfsu.fr\\\/eps2024\\\/#\\\/schema\\\/logo\\\/image\\\/\",\"url\":\"https:\\\/\\\/snepfsu.fr\\\/eps2024\\\/wp-content\\\/uploads\\\/2023\\\/10\\\/signature-2023-4000-x-690-px-2560-x-442-px.gif\",\"contentUrl\":\"https:\\\/\\\/snepfsu.fr\\\/eps2024\\\/wp-content\\\/uploads\\\/2023\\\/10\\\/signature-2023-4000-x-690-px-2560-x-442-px.gif\",\"width\":2560,\"height\":442,\"caption\":\"#EPS2024\"},\"image\":{\"@id\":\"https:\\\/\\\/snepfsu.fr\\\/eps2024\\\/#\\\/schema\\\/logo\\\/image\\\/\"}}]}<\/script>\n<!-- \/ Yoast SEO plugin. -->","yoast_head_json":{"title":"Op\u00e9ration V\u00e9rit\u00e9 - LP L\u00e9onard de Vinci - P\u00e9rigueux - #EPS2024","robots":{"index":"index","follow":"follow","max-snippet":"max-snippet:-1","max-image-preview":"max-image-preview:large","max-video-preview":"max-video-preview:-1"},"canonical":"https:\/\/snepfsu.fr\/eps2024\/operation-verite\/operation-verite-lp-leonard-de-vinci-perigueux\/","og_locale":"fr_FR","og_type":"article","og_title":"Op\u00e9ration V\u00e9rit\u00e9 - LP L\u00e9onard de Vinci - P\u00e9rigueux - #EPS2024","og_description":"Op\u00e9ration V\u00e9rit\u00e9 Lyc\u00e9e professionnel L\u00e9onard de Vinci de P\u00e9rigueux T\u00e9moignage :\u00a0 Au lyc\u00e9e professionnel L\u00e9onard de Vinci de\u00a0P\u00e9rigueux, nous sommes toujours oblig\u00e9s de nous d\u00e9placer sur les \u00e9quipements municipaux car les installations intra-muros r\u00e9alis\u00e9es assez r\u00e9cemment par la r\u00e9gion sont trop petites : salle de 400 m2 salle de muscu 48 m2 et le plateau [&hellip;]","og_url":"https:\/\/snepfsu.fr\/eps2024\/operation-verite\/operation-verite-lp-leonard-de-vinci-perigueux\/","og_site_name":"#EPS2024","article_modified_time":"2024-06-17T12:20:40+00:00","twitter_card":"summary_large_image","twitter_misc":{"Dur\u00e9e de lecture estim\u00e9e":"1 minute"},"schema":{"@context":"https:\/\/schema.org","@graph":[{"@type":"WebPage","@id":"https:\/\/snepfsu.fr\/eps2024\/operation-verite\/operation-verite-lp-leonard-de-vinci-perigueux\/","url":"https:\/\/snepfsu.fr\/eps2024\/operation-verite\/operation-verite-lp-leonard-de-vinci-perigueux\/","name":"Op\u00e9ration V\u00e9rit\u00e9 - LP L\u00e9onard de Vinci - P\u00e9rigueux - #EPS2024","isPartOf":{"@id":"https:\/\/snepfsu.fr\/eps2024\/#website"},"datePublished":"2024-06-17T12:16:52+00:00","dateModified":"2024-06-17T12:20:40+00:00","breadcrumb":{"@id":"https:\/\/snepfsu.fr\/eps2024\/operation-verite\/operation-verite-lp-leonard-de-vinci-perigueux\/#breadcrumb"},"inLanguage":"fr-FR","potentialAction":[{"@type":"ReadAction","target":["https:\/\/snepfsu.fr\/eps2024\/operation-verite\/operation-verite-lp-leonard-de-vinci-perigueux\/"]}]},{"@type":"BreadcrumbList","@id":"https:\/\/snepfsu.fr\/eps2024\/operation-verite\/operation-verite-lp-leonard-de-vinci-perigueux\/#breadcrumb","itemListElement":[{"@type":"ListItem","position":1,"name":"Accueil","item":"https:\/\/snepfsu.fr\/eps2024\/"},{"@type":"ListItem","position":2,"name":"Op\u00e9ration V\u00e9rit\u00e9","item":"https:\/\/snepfsu.fr\/eps2024\/operation-verite\/"},{"@type":"ListItem","position":3,"name":"Op\u00e9ration V\u00e9rit\u00e9 &#8211; LP L\u00e9onard de Vinci &#8211; P\u00e9rigueux"}]},{"@type":"WebSite","@id":"https:\/\/snepfsu.fr\/eps2024\/#website","url":"https:\/\/snepfsu.fr\/eps2024\/","name":"#EPS2024","description":"","publisher":{"@id":"https:\/\/snepfsu.fr\/eps2024\/#organization"},"potentialAction":[{"@type":"SearchAction","target":{"@type":"EntryPoint","urlTemplate":"https:\/\/snepfsu.fr\/eps2024\/?s={search_term_string}"},"query-input":{"@type":"PropertyValueSpecification","valueRequired":true,"valueName":"search_term_string"}}],"inLanguage":"fr-FR"},{"@type":"Organization","@id":"https:\/\/snepfsu.fr\/eps2024\/#organization","name":"#EPS2024","url":"https:\/\/snepfsu.fr\/eps2024\/","logo":{"@type":"ImageObject","inLanguage":"fr-FR","@id":"https:\/\/snepfsu.fr\/eps2024\/#\/schema\/logo\/image\/","url":"https:\/\/snepfsu.fr\/eps2024\/wp-content\/uploads\/2023\/10\/signature-2023-4000-x-690-px-2560-x-442-px.gif","contentUrl":"https:\/\/snepfsu.fr\/eps2024\/wp-content\/uploads\/2023\/10\/signature-2023-4000-x-690-px-2560-x-442-px.gif","width":2560,"height":442,"caption":"#EPS2024"},"image":{"@id":"https:\/\/snepfsu.fr\/eps2024\/#\/schema\/logo\/image\/"}}]}},"_links":{"self":[{"href":"https:\/\/snepfsu.fr\/eps2024\/wp-json\/wp\/v2\/pages\/1006","targetHints":{"allow":["GET"]}}],"collection":[{"href":"https:\/\/snepfsu.fr\/eps2024\/wp-json\/wp\/v2\/pages"}],"about":[{"href":"https:\/\/snepfsu.fr\/eps2024\/wp-json\/wp\/v2\/types\/page"}],"author":[{"embeddable":true,"href":"https:\/\/snepfsu.fr\/eps2024\/wp-json\/wp\/v2\/users\/1"}],"replies":[{"embeddable":true,"href":"https:\/\/snepfsu.fr\/eps2024\/wp-json\/wp\/v2\/comments?post=1006"}],"version-history":[{"count":5,"href":"https:\/\/snepfsu.fr\/eps2024\/wp-json\/wp\/v2\/pages\/1006\/revisions"}],"predecessor-version":[{"id":1016,"href":"https:\/\/snepfsu.fr\/eps2024\/wp-json\/wp\/v2\/pages\/1006\/revisions\/1016"}],"up":[{"embeddable":true,"href":"https:\/\/snepfsu.fr\/eps2024\/wp-json\/wp\/v2\/pages\/879"}],"wp:attachment":[{"href":"https:\/\/snepfsu.fr\/eps2024\/wp-json\/wp\/v2\/media?parent=1006"}],"curies":[{"name":"wp","href":"https:\/\/api.w.org\/{rel}","templated":true}]}}